{"id":789,"date":"2024-09-30T12:21:50","date_gmt":"2024-09-30T12:21:50","guid":{"rendered":"http:\/\/wwwdev.dugtour.com\/?page_id=789"},"modified":"2024-09-30T12:28:28","modified_gmt":"2024-09-30T12:28:28","slug":"terminos-y-condiciones","status":"publish","type":"page","link":"https:\/\/www.dugtour.com\/es\/terminos-y-condiciones\/","title":{"rendered":"T\u00e9rminos y condiciones"},"content":{"rendered":"<div data-elementor-type=\"wp-page\" data-elementor-id=\"789\" class=\"elementor elementor-789\" data-elementor-post-type=\"page\">\n\t\t\t\t\t\t<section class=\"elementor-section elementor-top-section elementor-element elementor-element-e7b7346 elementor-section-height-min-height elementor-section-stretched elementor-section-boxed elementor-section-height-default elementor-section-items-middle\" data-id=\"e7b7346\" data-element_type=\"section\" data-e-type=\"section\" data-settings=\"{&quot;stretch_section&quot;:&quot;section-stretched&quot;,&quot;background_background&quot;:&quot;classic&quot;,&quot;ekit_has_onepagescroll_dot&quot;:&quot;yes&quot;}\">\n\t\t\t\t\t\t<div class=\"elementor-container elementor-column-gap-no\">\n\t\t\t\t\t<div class=\"elementor-column elementor-col-100 elementor-top-column elementor-element elementor-element-07b2351\" data-id=\"07b2351\" data-element_type=\"column\" data-e-type=\"column\">\n\t\t\t<div class=\"elementor-widget-wrap elementor-element-populated\">\n\t\t\t\t\t\t<div class=\"elementor-element elementor-element-2ed53f9 elementor-widget elementor-widget-heading\" data-id=\"2ed53f9\" data-element_type=\"widget\" data-e-type=\"widget\" data-settings=\"{&quot;ekit_we_effect_on&quot;:&quot;none&quot;}\" data-widget_type=\"heading.default\">\n\t\t\t\t<div class=\"elementor-widget-container\">\n\t\t\t\t\t<h2 class=\"elementor-heading-title elementor-size-default\">T\u00e9rminos y condiciones\n\n<\/h2>\t\t\t\t<\/div>\n\t\t\t\t<\/div>\n\t\t\t\t\t<\/div>\n\t\t<\/div>\n\t\t\t\t\t<\/div>\n\t\t<\/section>\n\t\t\t\t<section class=\"elementor-section elementor-top-section elementor-element elementor-element-058a343 elementor-section-full_width elementor-section-height-default elementor-section-height-default\" data-id=\"058a343\" data-element_type=\"section\" data-e-type=\"section\" data-settings=\"{&quot;ekit_has_onepagescroll_dot&quot;:&quot;yes&quot;}\">\n\t\t\t\t\t\t<div class=\"elementor-container elementor-column-gap-default\">\n\t\t\t\t\t<div class=\"elementor-column elementor-col-100 elementor-top-column elementor-element elementor-element-3540f97\" data-id=\"3540f97\" data-element_type=\"column\" data-e-type=\"column\">\n\t\t\t<div class=\"elementor-widget-wrap elementor-element-populated\">\n\t\t\t\t\t\t<div class=\"elementor-element elementor-element-914aa40 elementor-widget__width-initial elementor-widget elementor-widget-text-editor\" data-id=\"914aa40\" data-element_type=\"widget\" data-e-type=\"widget\" data-settings=\"{&quot;ekit_we_effect_on&quot;:&quot;none&quot;}\" data-widget_type=\"text-editor.default\">\n\t\t\t\t<div class=\"elementor-widget-container\">\n\t\t\t\t\t\t\t\t\t<h3>Introducci\u00f3n<\/h3><p>Bienvenido a DUG TOUR. Al utilizar nuestro sitio web y servicios, aceptas cumplir con los siguientes t\u00e9rminos y condiciones. Te recomendamos leerlos detenidamente antes de realizar cualquier reserva o compra.<\/p><h3>Uso del Sitio<\/h3><p>El acceso y uso de nuestro sitio web es gratuito y est\u00e1 destinado a personas mayores de edad. Al utilizar nuestro sitio, te comprometes a proporcionar informaci\u00f3n ver\u00eddica y actualizada.<\/p><h3>Reservas y Pagos<\/h3><ul><li><strong>Reservas:<\/strong>\u00a0Todas las reservas deben realizarse a trav\u00e9s de nuestro sitio web o contact\u00e1ndonos directamente.<\/li><li><strong>Pagos:<\/strong>\u00a0Aceptamos pagos mediante tarjeta de cr\u00e9dito, d\u00e9bito y otros m\u00e9todos especificados en nuestro sitio. Todos los pagos deben completarse antes de la fecha del tour.<\/li><\/ul><h3>Cancelaciones y Reembolsos<\/h3><ul><li><strong>Cancelaciones:<\/strong>\u00a0Las cancelaciones deben notificarse con al menos 48 horas de antelaci\u00f3n para recibir un reembolso completo.<\/li><li><strong>Reembolsos:<\/strong>\u00a0No se otorgar\u00e1n reembolsos por cancelaciones realizadas con menos de 48 horas de antelaci\u00f3n.<\/li><\/ul><h3>Propiedad Intelectual<\/h3><p>Todo el contenido de nuestro sitio web, incluyendo textos, im\u00e1genes y logotipos, es propiedad de DUG TOUR y est\u00e1 protegido por leyes de propiedad intelectual. No est\u00e1 permitido copiar, reproducir o distribuir ning\u00fan contenido sin nuestro consentimiento previo por escrito.<\/p><h3>Privacidad<\/h3><p>Nos comprometemos a proteger tu privacidad. Consulta nuestra Pol\u00edtica de Privacidad para obtener m\u00e1s informaci\u00f3n sobre c\u00f3mo recopilamos, utilizamos y protegemos tus datos personales.<\/p><h3>Modificaciones<\/h3><p>DUG TOUR se reserva el derecho de modificar estos t\u00e9rminos y condiciones en cualquier momento. Las modificaciones entrar\u00e1n en vigor una vez publicadas en nuestro sitio web. Te recomendamos revisar esta p\u00e1gina peri\u00f3dicamente para estar al tanto de cualquier cambio.<\/p><h3>Contacto<\/h3><p>Si tienes alguna pregunta o inquietud sobre estos t\u00e9rminos y condiciones, no dudes en contactarnos:<\/p><ul><li><strong>Correo Electr\u00f3nico:<\/strong>\u00a0dugtour@dugtour.com.ve<\/li><li><strong>Tel\u00e9fono:<\/strong>\u00a00414-0338234<\/li><\/ul>\t\t\t\t\t\t\t\t<\/div>\n\t\t\t\t<\/div>\n\t\t\t\t\t<\/div>\n\t\t<\/div>\n\t\t\t\t\t<\/div>\n\t\t<\/section>\n\t\t\t\t<\/div>","protected":false},"excerpt":{"rendered":"<p>T\u00e9rminos y condiciones Introducci\u00f3n Bienvenido a DUG TOUR. Al utilizar nuestro sitio web y servicios, aceptas cumplir con los siguientes t\u00e9rminos y condiciones. Te recomendamos leerlos detenidamente antes de realizar cualquier reserva o compra. Uso del Sitio El acceso y uso de nuestro sitio web es gratuito y est\u00e1 destinado a personas mayores de edad. [&hellip;]<\/p>\n","protected":false},"author":1,"featured_media":0,"parent":0,"menu_order":0,"comment_status":"closed","ping_status":"closed","template":"elementor_header_footer","meta":{"footnotes":""},"class_list":["post-789","page","type-page","status-publish","hentry"],"_links":{"self":[{"href":"https:\/\/www.dugtour.com\/es\/wp-json\/wp\/v2\/pages\/789","targetHints":{"allow":["GET"]}}],"collection":[{"href":"https:\/\/www.dugtour.com\/es\/wp-json\/wp\/v2\/pages"}],"about":[{"href":"https:\/\/www.dugtour.com\/es\/wp-json\/wp\/v2\/types\/page"}],"author":[{"embeddable":true,"href":"https:\/\/www.dugtour.com\/es\/wp-json\/wp\/v2\/users\/1"}],"replies":[{"embeddable":true,"href":"https:\/\/www.dugtour.com\/es\/wp-json\/wp\/v2\/comments?post=789"}],"version-history":[{"count":13,"href":"https:\/\/www.dugtour.com\/es\/wp-json\/wp\/v2\/pages\/789\/revisions"}],"predecessor-version":[{"id":803,"href":"https:\/\/www.dugtour.com\/es\/wp-json\/wp\/v2\/pages\/789\/revisions\/803"}],"wp:attachment":[{"href":"https:\/\/www.dugtour.com\/es\/wp-json\/wp\/v2\/media?parent=789"}],"curies":[{"name":"wp","href":"https:\/\/api.w.org\/{rel}","templated":true}]}}