{"id":1423,"date":"2026-02-05T09:12:43","date_gmt":"2026-02-05T09:12:43","guid":{"rendered":"http:\/\/wwwdev.dugtour.com\/?post_type=product&#038;p=1423"},"modified":"2026-04-07T13:23:57","modified_gmt":"2026-04-07T13:23:57","slug":"paquete-canaima","status":"publish","type":"product","link":"https:\/\/www.dugtour.com\/es\/producto\/paquete-canaima\/","title":{"rendered":"PAQUETE CANAIMA"},"content":{"rendered":"<div class=\"elementor-element elementor-element-0fa9e82 elementor-widget elementor-widget-text-editor\" data-id=\"0fa9e82\" data-element_type=\"widget\" data-settings=\"{&quot;ekit_we_effect_on&quot;:&quot;none&quot;}\" data-widget_type=\"text-editor.default\">\n<div class=\"elementor-widget-container\">\n<p>\u00bfQu\u00e9 incluye?<\/p>\n<\/div>\n<\/div>\n<div class=\"elementor-element elementor-element-e787dbc elementor-align-left elementor-icon-list--layout-traditional elementor-list-item-link-full_width elementor-widget elementor-widget-icon-list\" data-id=\"e787dbc\" data-element_type=\"widget\" data-settings=\"{&quot;ekit_we_effect_on&quot;:&quot;none&quot;}\" data-widget_type=\"icon-list.default\">\n<div class=\"elementor-widget-container\">\n<ul class=\"elementor-icon-list-items\">\n<li class=\"elementor-icon-list-item\"><span class=\"elementor-icon-list-text\">Recepci\u00f3n en bodegas de envejecimiento.<\/span><\/li>\n<li class=\"elementor-icon-list-item\"><span class=\"elementor-icon-list-text\">Desayuno en La Casita.<\/span><\/li>\n<li class=\"elementor-icon-list-item\"><span class=\"elementor-icon-list-text\">Recorrido por los sistemas de producci\u00f3n de Toneler\u00eda, Cocuy, Fermentaci\u00f3n, Destilaci\u00f3n, Embarrilado Y Envasado.<\/span><\/li>\n<li class=\"elementor-icon-list-item\"><span class=\"elementor-icon-list-text\">Retorno a La Casita con coctel de bienvenida.<\/span><\/li>\n<li class=\"elementor-icon-list-item\"><span class=\"elementor-icon-list-text\">Degustaci\u00f3n de queso Botucal Cacciocavallo, elaborado en Hacienda Botucal.<\/span><\/li>\n<li class=\"elementor-icon-list-item\"><span class=\"elementor-icon-list-text\">Caf\u00e9 y despedida.<\/span><\/li>\n<\/ul>\n<\/div>\n<\/div>\n<div class=\"elementor-element elementor-element-136b541 elementor-widget elementor-widget-text-editor\" data-id=\"136b541\" data-element_type=\"widget\" data-settings=\"{&quot;ekit_we_effect_on&quot;:&quot;none&quot;}\" data-widget_type=\"text-editor.default\">\n<div class=\"elementor-widget-container\">\n<p>Hora de llegada:\u00a0<strong>8:30 a.m.<br \/>\n<\/strong>Hora de salida:<strong>\u00a0 2:30 p.m.<\/strong><\/p>\n<\/div>\n<\/div>","protected":false},"excerpt":{"rendered":"<p>\u00bfQu\u00e9 incluye? Recepci\u00f3n en bodegas de envejecimiento. Desayuno en La Casita. Recorrido por los sistemas de producci\u00f3n de Toneler\u00eda, Cocuy, Fermentaci\u00f3n, Destilaci\u00f3n, Embarrilado Y Envasado. Retorno a La Casita con coctel de bienvenida. Degustaci\u00f3n de queso Botucal Cacciocavallo, elaborado en Hacienda Botucal. Caf\u00e9 y despedida. Hora de llegada:\u00a08:30 a.m. Hora de salida:\u00a0 2:30 p.m.<\/p>","protected":false},"featured_media":0,"template":"","meta":[],"product_brand":[],"product_cat":[31],"product_tag":[],"class_list":{"0":"post-1423","1":"product","2":"type-product","3":"status-publish","5":"product_cat-paquetes","7":"first","8":"instock","9":"shipping-taxable","10":"purchasable","11":"product-type-simple"},"_links":{"self":[{"href":"https:\/\/www.dugtour.com\/es\/wp-json\/wp\/v2\/product\/1423","targetHints":{"allow":["GET"]}}],"collection":[{"href":"https:\/\/www.dugtour.com\/es\/wp-json\/wp\/v2\/product"}],"about":[{"href":"https:\/\/www.dugtour.com\/es\/wp-json\/wp\/v2\/types\/product"}],"wp:attachment":[{"href":"https:\/\/www.dugtour.com\/es\/wp-json\/wp\/v2\/media?parent=1423"}],"wp:term":[{"taxonomy":"product_brand","embeddable":true,"href":"https:\/\/www.dugtour.com\/es\/wp-json\/wp\/v2\/product_brand?post=1423"},{"taxonomy":"product_cat","embeddable":true,"href":"https:\/\/www.dugtour.com\/es\/wp-json\/wp\/v2\/product_cat?post=1423"},{"taxonomy":"product_tag","embeddable":true,"href":"https:\/\/www.dugtour.com\/es\/wp-json\/wp\/v2\/product_tag?post=1423"}],"curies":[{"name":"wp","href":"https:\/\/api.w.org\/{rel}","templated":true}]}}