{"id":1424,"date":"2026-02-05T09:18:20","date_gmt":"2026-02-05T09:18:20","guid":{"rendered":"http:\/\/wwwdev.dugtour.com\/?post_type=product&#038;p=1424"},"modified":"2026-04-07T13:26:21","modified_gmt":"2026-04-07T13:26:21","slug":"paquete-tepuy","status":"publish","type":"product","link":"https:\/\/www.dugtour.com\/es\/producto\/paquete-tepuy\/","title":{"rendered":"PAQUETE TEPUY"},"content":{"rendered":"<div class=\"elementor-element elementor-element-d666afe elementor-widget elementor-widget-text-editor\" data-id=\"d666afe\" data-element_type=\"widget\" data-settings=\"{&quot;ekit_we_effect_on&quot;:&quot;none&quot;}\" data-widget_type=\"text-editor.default\">\n<div class=\"elementor-widget-container\">\n<p>\u00bfQu\u00e9 incluye?<\/p>\n<\/div>\n<\/div>\n<div class=\"elementor-element elementor-element-6d6ee55 elementor-icon-list--layout-traditional elementor-list-item-link-full_width elementor-widget elementor-widget-icon-list\" data-id=\"6d6ee55\" data-element_type=\"widget\" data-settings=\"{&quot;ekit_we_effect_on&quot;:&quot;none&quot;}\" data-widget_type=\"icon-list.default\">\n<div class=\"elementor-widget-container\">\n<ul class=\"elementor-icon-list-items\">\n<li class=\"elementor-icon-list-item\"><span class=\"elementor-icon-list-text\">Recepci\u00f3n en bodegas de envejecimiento.<\/span><\/li>\n<li class=\"elementor-icon-list-item\"><span class=\"elementor-icon-list-text\">Desayuno en La Casita.<\/span><\/li>\n<li class=\"elementor-icon-list-item\"><span class=\"elementor-icon-list-text\">Recorrido por los sistemas de producci\u00f3n de Toneler\u00eda, Cocuy, Fermentaci\u00f3n, Destilaci\u00f3n, Embarrilado Y Envasado.<\/span><\/li>\n<li class=\"elementor-icon-list-item\"><span class=\"elementor-icon-list-text\">Retorno a La Casita con coctel de bienvenida.<\/span><\/li>\n<li class=\"elementor-icon-list-item\"><span class=\"elementor-icon-list-text\">Cata guiada de productos Premium portafolio DUSA.<\/span><\/li>\n<li class=\"elementor-icon-list-item\"><span class=\"elementor-icon-list-text\">Degustaci\u00f3n de Cocteles en barra Casita (2 por persona).<\/span><\/li>\n<li class=\"elementor-icon-list-item\"><span class=\"elementor-icon-list-text\">Almuerzo de tres cursos.<\/span><\/li>\n<li class=\"elementor-icon-list-item\"><span class=\"elementor-icon-list-text\">Degustaci\u00f3n de licor de ron a\u00f1ejo Hacienda Saruro.<\/span><\/li>\n<li class=\"elementor-icon-list-item\"><span class=\"elementor-icon-list-text\">Caf\u00e9 y despedida.<\/span><\/li>\n<\/ul>\n<\/div>\n<\/div>\n<div class=\"elementor-element elementor-element-3e668d5 elementor-widget elementor-widget-text-editor\" data-id=\"3e668d5\" data-element_type=\"widget\" data-settings=\"{&quot;ekit_we_effect_on&quot;:&quot;none&quot;}\" data-widget_type=\"text-editor.default\">\n<div class=\"elementor-widget-container\">\n<p>Hora de llegada:\u00a0<strong>8:30 a.m.<\/strong><\/p>\n<p>Hora de salida:<strong>\u00a04:00 p.m.<\/strong><\/p>\n<\/div>\n<\/div>","protected":false},"excerpt":{"rendered":"<p>\u00bfQu\u00e9 incluye? Recepci\u00f3n en bodegas de envejecimiento. Desayuno en La Casita. Recorrido por los sistemas de producci\u00f3n de Toneler\u00eda, Cocuy, Fermentaci\u00f3n, Destilaci\u00f3n, Embarrilado Y Envasado. Retorno a La Casita con coctel de bienvenida. Cata guiada de productos Premium portafolio DUSA. Degustaci\u00f3n de Cocteles en barra Casita (2 por persona). Almuerzo de tres cursos. Degustaci\u00f3n de [&hellip;]<\/p>\n","protected":false},"featured_media":0,"template":"","meta":[],"product_brand":[],"product_cat":[31],"product_tag":[],"class_list":{"0":"post-1424","1":"product","2":"type-product","3":"status-publish","5":"product_cat-paquetes","7":"first","8":"instock","9":"shipping-taxable","10":"purchasable","11":"product-type-simple"},"_links":{"self":[{"href":"https:\/\/www.dugtour.com\/es\/wp-json\/wp\/v2\/product\/1424","targetHints":{"allow":["GET"]}}],"collection":[{"href":"https:\/\/www.dugtour.com\/es\/wp-json\/wp\/v2\/product"}],"about":[{"href":"https:\/\/www.dugtour.com\/es\/wp-json\/wp\/v2\/types\/product"}],"wp:attachment":[{"href":"https:\/\/www.dugtour.com\/es\/wp-json\/wp\/v2\/media?parent=1424"}],"wp:term":[{"taxonomy":"product_brand","embeddable":true,"href":"https:\/\/www.dugtour.com\/es\/wp-json\/wp\/v2\/product_brand?post=1424"},{"taxonomy":"product_cat","embeddable":true,"href":"https:\/\/www.dugtour.com\/es\/wp-json\/wp\/v2\/product_cat?post=1424"},{"taxonomy":"product_tag","embeddable":true,"href":"https:\/\/www.dugtour.com\/es\/wp-json\/wp\/v2\/product_tag?post=1424"}],"curies":[{"name":"wp","href":"https:\/\/api.w.org\/{rel}","templated":true}]}}