{"id":1426,"date":"2026-02-05T09:20:25","date_gmt":"2026-02-05T09:20:25","guid":{"rendered":"http:\/\/wwwdev.dugtour.com\/?post_type=product&#038;p=1426"},"modified":"2026-04-07T13:26:29","modified_gmt":"2026-04-07T13:26:29","slug":"paquete-saroche","status":"publish","type":"product","link":"https:\/\/www.dugtour.com\/es\/producto\/paquete-saroche\/","title":{"rendered":"PAQUETE SAROCHE"},"content":{"rendered":"<div class=\"elementor-element elementor-element-dc979ed elementor-widget elementor-widget-text-editor\" data-id=\"dc979ed\" data-element_type=\"widget\" data-settings=\"{&quot;ekit_we_effect_on&quot;:&quot;none&quot;}\" data-widget_type=\"text-editor.default\">\n<div class=\"elementor-widget-container\">\n<p>\u00bfQu\u00e9 incluye?<\/p>\n<\/div>\n<\/div>\n<div class=\"elementor-element elementor-element-d008f58 elementor-widget elementor-widget-text-editor\" data-id=\"d008f58\" data-element_type=\"widget\" data-settings=\"{&quot;ekit_we_effect_on&quot;:&quot;none&quot;}\" data-widget_type=\"text-editor.default\">\n<div class=\"elementor-widget-container\">\n<p>Ofrece las actividades mencionadas en el paquete\u00a0<strong>TEPUY<\/strong>, m\u00e1s un d\u00eda adicional para visitar nuestra hacienda Botucal con las siguientes actividades:<\/p>\n<\/div>\n<\/div>\n<div class=\"elementor-element elementor-element-76a4773 elementor-icon-list--layout-traditional elementor-list-item-link-full_width elementor-widget elementor-widget-icon-list\" data-id=\"76a4773\" data-element_type=\"widget\" data-settings=\"{&quot;ekit_we_effect_on&quot;:&quot;none&quot;}\" data-widget_type=\"icon-list.default\">\n<div class=\"elementor-widget-container\">\n<ul class=\"elementor-icon-list-items\">\n<li class=\"elementor-icon-list-item\"><span class=\"elementor-icon-list-text\">Recorrido por los campos de ca\u00f1a y degustaci\u00f3n de variedades de cala de az\u00facar de la hacienda.<\/span><\/li>\n<li class=\"elementor-icon-list-item\"><span class=\"elementor-icon-list-text\">Recorrido por instalaciones de orde\u00f1o de bufalas y ganado Brahman<\/span><\/li>\n<li class=\"elementor-icon-list-item\"><span class=\"elementor-icon-list-text\">C\u00f3cteles y pasapalos en La Casona<\/span><\/li>\n<li class=\"elementor-icon-list-item\"><span class=\"elementor-icon-list-text\">Almuerzo criollo en La Casona (parrilla o cerdo en caj\u00f3n chino)<\/span><\/li>\n<\/ul>\n<\/div>\n<\/div>\n<div class=\"elementor-element elementor-element-9295b27 elementor-widget elementor-widget-text-editor\" data-id=\"9295b27\" data-element_type=\"widget\" data-settings=\"{&quot;ekit_we_effect_on&quot;:&quot;none&quot;}\" data-widget_type=\"text-editor.default\">\n<div class=\"elementor-widget-container\">\n<p>Hora de llegada:\u00a0<strong>9:30 a.m.<\/strong><\/p>\n<p>Hora de salida:<strong>\u00a03:00 p.m.<\/strong><\/p>\n<p>&nbsp;<\/p>\n<p>*No incluye estad\u00eda.<\/p>\n<\/div>\n<\/div>","protected":false},"excerpt":{"rendered":"<p>\u00bfQu\u00e9 incluye? Ofrece las actividades mencionadas en el paquete\u00a0TEPUY, m\u00e1s un d\u00eda adicional para visitar nuestra hacienda Botucal con las siguientes actividades: Recorrido por los campos de ca\u00f1a y degustaci\u00f3n de variedades de cala de az\u00facar de la hacienda. Recorrido por instalaciones de orde\u00f1o de bufalas y ganado Brahman C\u00f3cteles y pasapalos en La Casona [&hellip;]<\/p>\n","protected":false},"featured_media":0,"template":"","meta":[],"product_brand":[],"product_cat":[31],"product_tag":[],"class_list":{"0":"post-1426","1":"product","2":"type-product","3":"status-publish","5":"product_cat-paquetes","7":"first","8":"instock","9":"shipping-taxable","10":"purchasable","11":"product-type-simple"},"_links":{"self":[{"href":"https:\/\/www.dugtour.com\/es\/wp-json\/wp\/v2\/product\/1426","targetHints":{"allow":["GET"]}}],"collection":[{"href":"https:\/\/www.dugtour.com\/es\/wp-json\/wp\/v2\/product"}],"about":[{"href":"https:\/\/www.dugtour.com\/es\/wp-json\/wp\/v2\/types\/product"}],"wp:attachment":[{"href":"https:\/\/www.dugtour.com\/es\/wp-json\/wp\/v2\/media?parent=1426"}],"wp:term":[{"taxonomy":"product_brand","embeddable":true,"href":"https:\/\/www.dugtour.com\/es\/wp-json\/wp\/v2\/product_brand?post=1426"},{"taxonomy":"product_cat","embeddable":true,"href":"https:\/\/www.dugtour.com\/es\/wp-json\/wp\/v2\/product_cat?post=1426"},{"taxonomy":"product_tag","embeddable":true,"href":"https:\/\/www.dugtour.com\/es\/wp-json\/wp\/v2\/product_tag?post=1426"}],"curies":[{"name":"wp","href":"https:\/\/api.w.org\/{rel}","templated":true}]}}